{"id":594,"date":"2019-09-22T09:58:26","date_gmt":"2019-09-22T09:58:26","guid":{"rendered":"http:\/\/ortsplanung.com\/?page_id=594"},"modified":"2019-09-29T16:53:16","modified_gmt":"2019-09-29T16:53:16","slug":"wettbewerbe","status":"publish","type":"page","link":"http:\/\/ortsplanung.com\/?page_id=594","title":{"rendered":"Wettbewerbe"},"content":{"rendered":"\t\t<div data-elementor-type=\"post\" data-elementor-id=\"594\" class=\"elementor elementor-594\" data-elementor-settings=\"[]\">\n\t\t\t<div class=\"elementor-inner\">\n\t\t\t\t<div class=\"elementor-section-wrap\">\n\t\t\t\t\t\t\t<section class=\"elementor-element elementor-element-85f40b9 elementor-section-boxed elementor-section-height-default elementor-section-height-default elementor-section elementor-top-section\" data-id=\"85f40b9\" data-element_type=\"section\">\n\t\t\t\t\t\t<div class=\"elementor-container elementor-column-gap-default\">\n\t\t\t\t<div class=\"elementor-row\">\n\t\t\t\t<div class=\"elementor-element elementor-element-1f59b82 elementor-column elementor-col-33 elementor-top-column\" data-id=\"1f59b82\" data-element_type=\"column\">\n\t\t\t<div class=\"elementor-column-wrap\">\n\t\t\t\t\t\t\t<div class=\"elementor-background-overlay\"><\/div>\n\t\t\t\t\t<div class=\"elementor-widget-wrap\">\n\t\t\t\t\t\t<\/div>\n\t\t\t<\/div>\n\t\t<\/div>\n\t\t\t\t<div class=\"elementor-element elementor-element-956a2b2 elementor-column elementor-col-66 elementor-top-column\" data-id=\"956a2b2\" data-element_type=\"column\">\n\t\t\t<div class=\"elementor-column-wrap  elementor-element-populated\">\n\t\t\t\t\t<div class=\"elementor-widget-wrap\">\n\t\t\t\t<div class=\"elementor-element elementor-element-9213e6e elementor-widget elementor-widget-image\" data-id=\"9213e6e\" data-element_type=\"widget\" data-widget_type=\"image.default\">\n\t\t\t\t<div class=\"elementor-widget-container\">\n\t\t\t\t\t<div class=\"elementor-image\">\n\t\t\t\t\t\t\t\t\t\t<img loading=\"lazy\" decoding=\"async\" width=\"500\" height=\"43\" src=\"http:\/\/ortsplanung.com\/wp-content\/uploads\/2019\/09\/Thomas-logo-frei-500x43.png\" class=\"attachment-small-feature size-small-feature\" alt=\"\" srcset=\"http:\/\/ortsplanung.com\/wp-content\/uploads\/2019\/09\/Thomas-logo-frei-500x43.png 500w, http:\/\/ortsplanung.com\/wp-content\/uploads\/2019\/09\/Thomas-logo-frei-300x26.png 300w, http:\/\/ortsplanung.com\/wp-content\/uploads\/2019\/09\/Thomas-logo-frei-768x67.png 768w, http:\/\/ortsplanung.com\/wp-content\/uploads\/2019\/09\/Thomas-logo-frei.png 898w\" sizes=\"auto, (max-width: 500px) 100vw, 500px\" \/>\t\t\t\t\t\t\t\t\t\t\t<\/div>\n\t\t\t\t<\/div>\n\t\t\t\t<\/div>\n\t\t\t\t\t\t<\/div>\n\t\t\t<\/div>\n\t\t<\/div>\n\t\t\t\t\t\t<\/div>\n\t\t\t<\/div>\n\t\t<\/section>\n\t\t\t\t<section class=\"elementor-element elementor-element-dcca11b elementor-section-boxed elementor-section-height-default elementor-section-height-default elementor-section elementor-top-section\" data-id=\"dcca11b\" data-element_type=\"section\">\n\t\t\t\t\t\t<div class=\"elementor-container elementor-column-gap-default\">\n\t\t\t\t<div class=\"elementor-row\">\n\t\t\t\t<div class=\"elementor-element elementor-element-5ad03bc elementor-column elementor-col-33 elementor-top-column\" data-id=\"5ad03bc\" data-element_type=\"column\">\n\t\t\t<div class=\"elementor-column-wrap  elementor-element-populated\">\n\t\t\t\t\t<div class=\"elementor-widget-wrap\">\n\t\t\t\t<div class=\"elementor-element elementor-element-d21c36d elementor-widget elementor-widget-text-editor\" data-id=\"d21c36d\" data-element_type=\"widget\" data-widget_type=\"text-editor.default\">\n\t\t\t\t<div class=\"elementor-widget-container\">\n\t\t\t\t\t<div class=\"elementor-text-editor elementor-clearfix\"><ul><li><a href=\"http:\/\/ortsplanung.com\/?page_id=564\">T\u00e4ti<b>gkeitsfelder<\/b><\/a><ul><li><a href=\"http:\/\/ortsplanung.com\/?page_id=564\">Umsiedlungen<\/a><\/li><li><a href=\"http:\/\/ortsplanung.com\/?page_id=567\">Umfeldentwicklung BER<\/a><\/li><li><a href=\"http:\/\/ortsplanung.com\/?page_id=570\">Stadtentwicklung<\/a><\/li><li><a href=\"http:\/\/ortsplanung.com\/?page_id=573\">Konversion<\/a><\/li><li><a href=\"http:\/\/ortsplanung.com\/?page_id=576\">Rahmenplan<\/a><\/li><li><a href=\"http:\/\/ortsplanung.com\/?page_id=579\">Fl\u00e4chennutzungsplan<\/a><\/li><li><a href=\"http:\/\/ortsplanung.com\/?page_id=582\">Bebauungsplan<\/a><\/li><li><a href=\"http:\/\/ortsplanung.com\/?page_id=585\">Satzungen<\/a><\/li><li><a href=\"http:\/\/ortsplanung.com\/?page_id=588\">Gestaltung<\/a><\/li><li><a href=\"http:\/\/ortsplanung.com\/?page_id=591\">L\u00e4ndliche Entwicklung<\/a><\/li><li><a href=\"http:\/\/ortsplanung.com\/?page_id=594\">Wettbewerbe<\/a><\/li><\/ul><\/li><li><a href=\"http:\/\/ortsplanung.com\/?page_id=597\">Kontakt\/Impressum<\/a><\/li><\/ul><\/div>\n\t\t\t\t<\/div>\n\t\t\t\t<\/div>\n\t\t\t\t\t\t<\/div>\n\t\t\t<\/div>\n\t\t<\/div>\n\t\t\t\t<div class=\"elementor-element elementor-element-8df360c elementor-column elementor-col-33 elementor-top-column\" data-id=\"8df360c\" data-element_type=\"column\">\n\t\t\t<div class=\"elementor-column-wrap  elementor-element-populated\">\n\t\t\t\t\t<div class=\"elementor-widget-wrap\">\n\t\t\t\t<div class=\"elementor-element elementor-element-5904eed elementor-widget elementor-widget-text-editor\" data-id=\"5904eed\" data-element_type=\"widget\" data-widget_type=\"text-editor.default\">\n\t\t\t\t<div class=\"elementor-widget-container\">\n\t\t\t\t\t<div class=\"elementor-text-editor elementor-clearfix\"><h1><span style=\"color: #ff9900;\">Wettbewerbe und Gutachterverfahren<br \/>Erfolgreiche Teilnahme<br \/><\/span><\/h1><p>\u2022 Landeswettbewerb zum \u00f6kologischen Bauen, 1986<br \/>\u00a0 1. Anerkennung<br \/>\u2022 Reaktivierung der Zechenbroiche Prosper III<br \/>\u00a0 in Bottrop 1990, Anerkennung<br \/>\u2022 Gutachterverfahren Umsiedlung Diepensee<br \/>\u00a0 Umsiedlung wegen Flughafen BBI, 1999, 1. Platz<br \/>\u2022 Gutachterverfahren \u201cSchwellenwerk Zernsdorf\u201d, 2001, 3. Platz<br \/>\u2022 Gutachterverfahren Umsiedlung Haidem\u00fchl<br \/>\u00a0 S\u00e4chsisch-Lausitzer Braunkohlenrevier, Vattenfall 2001, 2. Platz<br \/>\u2022 Gutachterverfahren Trebendorf<br \/>\u00a0 S\u00e4chsisch-Lausitzer Braunkohlenrevier, Vattenfall 2007, 2. Platz<br \/>\u2022 Gutachterverfahren Stadtm\u00fchlenwall<br \/>\u00a0 in der Stadt Kyritz, 2008, 3. Platz<br \/>\u2022 Gutachterverfahren Umsiedlung<br \/>\u00a0 Schleife, M\u00fchlrose, Rhone, Mulkwitz<br \/>\u00a0 S\u00e4chsisch-Lausitzer Braunkohlenrevier, Vattenfall 2008, 1. Platz.<\/p><\/div>\n\t\t\t\t<\/div>\n\t\t\t\t<\/div>\n\t\t\t\t\t\t<\/div>\n\t\t\t<\/div>\n\t\t<\/div>\n\t\t\t\t<div class=\"elementor-element elementor-element-9084a83 elementor-column elementor-col-33 elementor-top-column\" data-id=\"9084a83\" data-element_type=\"column\">\n\t\t\t<div class=\"elementor-column-wrap\">\n\t\t\t\t\t<div class=\"elementor-widget-wrap\">\n\t\t\t\t\t\t<\/div>\n\t\t\t<\/div>\n\t\t<\/div>\n\t\t\t\t\t\t<\/div>\n\t\t\t<\/div>\n\t\t<\/section>\n\t\t\t\t\t\t<\/div>\n\t\t\t<\/div>\n\t\t<\/div>\n\t\t","protected":false},"excerpt":{"rendered":"<p>T\u00e4tigkeitsfelder Umsiedlungen Umfeldentwicklung BER Stadtentwicklung Konversion Rahmenplan Fl\u00e4chennutzungsplan Bebauungsplan Satzungen Gestaltung L\u00e4ndliche Entwicklung Wettbewerbe Kontakt\/Impressum Wettbewerbe und GutachterverfahrenErfolgreiche Teilnahme \u2022 Landeswettbewerb zum \u00f6kologischen Bauen, 1986\u00a0 1. Anerkennung\u2022 Reaktivierung der Zechenbroiche Prosper III\u00a0 in Bottrop 1990, Anerkennung\u2022 Gutachterverfahren Umsiedlung Diepensee\u00a0 Umsiedlung &hellip; <a href=\"http:\/\/ortsplanung.com\/?page_id=594\">Weiterlesen <span class=\"meta-nav\">&rarr;<\/span><\/a><\/p>\n","protected":false},"author":1,"featured_media":0,"parent":0,"menu_order":0,"comment_status":"closed","ping_status":"closed","template":"elementor_canvas","meta":{"footnotes":""},"class_list":["post-594","page","type-page","status-publish","hentry"],"_links":{"self":[{"href":"http:\/\/ortsplanung.com\/index.php?rest_route=\/wp\/v2\/pages\/594","targetHints":{"allow":["GET"]}}],"collection":[{"href":"http:\/\/ortsplanung.com\/index.php?rest_route=\/wp\/v2\/pages"}],"about":[{"href":"http:\/\/ortsplanung.com\/index.php?rest_route=\/wp\/v2\/types\/page"}],"author":[{"embeddable":true,"href":"http:\/\/ortsplanung.com\/index.php?rest_route=\/wp\/v2\/users\/1"}],"replies":[{"embeddable":true,"href":"http:\/\/ortsplanung.com\/index.php?rest_route=%2Fwp%2Fv2%2Fcomments&post=594"}],"version-history":[{"count":5,"href":"http:\/\/ortsplanung.com\/index.php?rest_route=\/wp\/v2\/pages\/594\/revisions"}],"predecessor-version":[{"id":696,"href":"http:\/\/ortsplanung.com\/index.php?rest_route=\/wp\/v2\/pages\/594\/revisions\/696"}],"wp:attachment":[{"href":"http:\/\/ortsplanung.com\/index.php?rest_route=%2Fwp%2Fv2%2Fmedia&parent=594"}],"curies":[{"name":"wp","href":"https:\/\/api.w.org\/{rel}","templated":true}]}}